{"id":154,"date":"2025-11-28T04:22:23","date_gmt":"2025-11-28T03:22:23","guid":{"rendered":"https:\/\/jeanfrancoislegerphoto.com\/fr\/about\/"},"modified":"2025-11-29T15:34:32","modified_gmt":"2025-11-29T14:34:32","slug":"a-propos","status":"publish","type":"page","link":"https:\/\/jeanfrancoislegerphoto.com\/fr\/a-propos\/","title":{"rendered":"\u00c0 propos"},"content":{"rendered":"\n\n\n<h2>\u00c0 propos de l&rsquo;artiste<\/h2>\n\n\n<img decoding=\"async\" src=\"https:\/\/jeanfrancoislegerphoto.com\/wp-content\/uploads\/2025\/11\/JF_Leger-1.jpg\"><p>J\u2019appr\u00e9cie particuli\u00e8rement quand mes photos n\u2019illustrent que le strict minimum, juste ce qu\u2019il faut pour que l\u2019esprit du spectateur comble par lui-m\u00eame les morceaux manquants. Je lui fais confiance pour faire op\u00e9rer la magie.<\/p><p>J\u2019accorde aussi beaucoup d\u2019importance aux titres de mes photos. J\u2019y vois un compl\u00e9ment, une extension, parfois m\u00eame une surprise.<\/p><p>Comme j\u2019aime combiner diff\u00e9rentes formes d\u2019art, il n\u2019est donc pas rare que je joigne \u00e0 quelques photos un texte po\u00e9tique ou m\u00eame une musique. J\u2019y vois l\u00e0 une forme immersive qui s\u2019apparente au cin\u00e9ma. Rien pour me d\u00e9plaire.<\/p><p><em>\u00ab\u00a0Dis-moi ce que tu photographie, je te dirai ce que tu as peur de perdre\u00a0\u00bb<\/em>. <\/p> <p>Je m\u2019amuse \u00e0 dire que je ne suis pas un photographe, mais plut\u00f4t un artiste avec une cam\u00e9ra. Il y a une part de v\u00e9rit\u00e9 dans cette boutade. C\u2019est peut-\u00eatre \u00e0 cause de mes vies parall\u00e8les de compositeur de musique, de chanteur, de marionnettiste ou de monteur vid\u00e9o.<\/p><p>Bien s\u00fbr, j\u2019ai \u00e9t\u00e9 influenc\u00e9 par d\u2019autres photographes et porte une grande admiration aux grands peintres.  Mais je suis aussi interpell\u00e9 par le travail des artistes qui sont des ma\u00eetres dans le th\u00e9\u00e2tre du geste, la symbolique sans parole, les marionnettistes et les caricaturistes.<\/p><p>J\u2019ai toujours \u00e9t\u00e9 fascin\u00e9 par la puissance du langage sans parole, celle qui, comme la musique, traverse les barri\u00e8res de la langue et qui vous va direct au c\u0153ur avec une \u00e9tonnante justesse.<\/p><br><h5>Mon approche<\/h5><br>\n<p>\u00c0 travers mon travail, je tente de saisir une part d\u2019indicible dans l\u2019humanit\u00e9. Mon travail se r\u00e9clame de r\u00e9v\u00e9ler l\u2019intime, ce que l\u2019on porte et cache en nous, parfois comme un tr\u00e9sor, parfois comme un fardeau, sans jamais le r\u00e9v\u00e9ler. Parfois fou, tendre ou encore tragique, je tente de capter l\u2019aventure humaine dans toute sa noblesse, dans l\u2019innommable et l\u2019\u00e9mouvant. Cette aventure, qui est aussi la mienne, me fascine.<\/p><p>Pendant des ann\u00e9es, j\u2019ai pr\u00e9tendu faire de la photographie de portrait. Ce n\u2019est que r\u00e9cemment que j\u2019ai d\u00e9couvert que je faisais erreur. Oui, il m\u2018est arriv\u00e9 quelques fois de saisir la v\u00e9ritable essence de quelqu\u2019un qui s\u2019est install\u00e9 devant ma cam\u00e9ra. Mais mon v\u00e9ritable d\u00e9fi me pousse \u00e0 illustrer quelque chose de plus large que l\u2019individu, au-del\u00e0 de sa couleur ou de son genre et de saisir une \u00e9motion qui me frappera doit au c\u0153ur.<\/p>\n<p>\u00c0 travers mes mod\u00e8les, je raconte une histoire. C\u2019est parfois la mienne, parfois celle des d\u2019autres du moins, la perception que j\u2019en ai. Je ne fais au fond que d\u00e9voiler diff\u00e9rentes facettes de moi, de mes perceptions, ce qui m\u2019\u00e9meut, me fait rire, me r\u00e9volte ou m\u2019attriste. <\/p>\n<p>Moi, qui me pose en miroir face \u00e0 vous et vous demande : <em>\u00ab Vous reconnaissez-vous, vous aussi? \u00bb<\/em>\n<\/p>\n<h5><em> Jean-Francois Leger<\/em><\/h5>\n\n\n\n\n<h5><strong><span lang=\"EN-US\">Depuis plus de quarante ans, la musique de Jean-Fran\u00e7ois L\u00e9ger parcourt le monde<\/span><\/strong><\/h5>\n<h5><strong><span lang=\"EN-US\"><\/span><\/strong><span lang=\"EN-US\"><o:p><\/o:p><\/span><\/h5><p data-path-to-node=\"3\"><\/p><p>Compositeur prolifique et artiste multidisciplinaire, Jean-Fran\u00e7ois L\u00e9ger a consacr\u00e9 la majeure partie de sa carri\u00e8re \u00e0 cr\u00e9er de la \u00ab musique pour l\u2019image \u00bb, tissant des paysages sonores pour le th\u00e9\u00e2tre, les spectacles de cirque, le contenu web, la t\u00e9l\u00e9vision et le cin\u00e9ma.<\/p>\n\n<p>\u00c9troit collaborateur du <a href=\"https:\/\/www.theatresansfil.ca\/\">Th\u00e9\u00e2tre Sans Fil<\/a>, il a sign\u00e9 de remarquables adaptations \u2014 notamment l\u2019op\u00e9ra Hansel et Gretel \u2014 et compos\u00e9 les musiques de spectacles de marionnettes g\u00e9antes tels que La Couronne du destin, pr\u00e9sent\u00e9 au <strong>Festival d\u2019\u00c9dimbourg<\/strong>. Il a \u00e9galement travaill\u00e9 sur de grands \u00e9v\u00e9nements, dont le spectacle son et lumi\u00e8re <strong>Le Grand Jeu de Nuit<\/strong>, offert lors des comm\u00e9morations du 350\u1d49 anniversaire de Montr\u00e9al.<\/p>\n\n<p>Sa capacit\u00e9 \u00e0 donner vie \u00e0 l\u2019imaginaire l\u2019a men\u00e9 jusqu\u2019en Asie, o\u00f9 il a compos\u00e9 le num\u00e9ro d\u2019ouverture du spectacle permanent Kaleido au <strong>Gong Theater de Shanghai<\/strong>, ainsi qu\u2019au Mexique pour des productions de la compagnie <em><a href=\"https:\/\/www.latiteria.mx\/\">Marionetas de la Esquina<\/a><\/em>.<\/p>\n\n<p>Son expertise en conception sonore a aussi servi de grands acteurs culturels, notamment gr\u00e2ce \u00e0 sa collaboration au film <strong>Alegr\u00eda du Cirque du Soleil<\/strong>. Qu\u2019il s\u2019agisse de l\u2019\u00e9mission <strong>V\u00e9lomag \u00e0 Radio-Canada<\/strong> ou de projets patrimoniaux comme les Balados historiques de Danville, il aborde chaque projet avec la m\u00eame rigueur.<\/p>\n\n<p>D\u00e9sormais \u00e9tabli \u00e0 Danville, au Studio Cleveland, il poursuit son exploration du r\u00e9cit artistique, passant de la composition musicale \u00e0 la photographie avec la m\u00eame sensibilit\u00e9 pour l\u2019\u00e9motion et le mouvement.<\/p>\n\n<p>Jean-Fran\u00e7ois L\u00e9ger est membre du <a href=\"https:\/\/www.skool.com\/glyn-dewis-masterclass\">Photography Creative Circle<\/a>, sous la direction du photographe, formateur et auteur \u00e0 succ\u00e8s <a href=\"https:\/\/glyndewis.com\/\">Glyn Dewis<\/a>.<\/p>\n\n\n\n\n\n\n","protected":false},"excerpt":{"rendered":"","protected":false},"author":1,"featured_media":0,"parent":0,"menu_order":0,"comment_status":"closed","ping_status":"closed","template":"","meta":{"pagelayer_contact_templates":[],"_pagelayer_content":"","footnotes":""},"class_list":["post-154","page","type-page","status-publish","hentry"],"_links":{"self":[{"href":"https:\/\/jeanfrancoislegerphoto.com\/fr\/wp-json\/wp\/v2\/pages\/154","targetHints":{"allow":["GET"]}}],"collection":[{"href":"https:\/\/jeanfrancoislegerphoto.com\/fr\/wp-json\/wp\/v2\/pages"}],"about":[{"href":"https:\/\/jeanfrancoislegerphoto.com\/fr\/wp-json\/wp\/v2\/types\/page"}],"author":[{"embeddable":true,"href":"https:\/\/jeanfrancoislegerphoto.com\/fr\/wp-json\/wp\/v2\/users\/1"}],"replies":[{"embeddable":true,"href":"https:\/\/jeanfrancoislegerphoto.com\/fr\/wp-json\/wp\/v2\/comments?post=154"}],"version-history":[{"count":3,"href":"https:\/\/jeanfrancoislegerphoto.com\/fr\/wp-json\/wp\/v2\/pages\/154\/revisions"}],"predecessor-version":[{"id":255,"href":"https:\/\/jeanfrancoislegerphoto.com\/fr\/wp-json\/wp\/v2\/pages\/154\/revisions\/255"}],"wp:attachment":[{"href":"https:\/\/jeanfrancoislegerphoto.com\/fr\/wp-json\/wp\/v2\/media?parent=154"}],"curies":[{"name":"wp","href":"https:\/\/api.w.org\/{rel}","templated":true}]}}