{"id":156,"date":"2025-11-28T04:22:23","date_gmt":"2025-11-28T03:22:23","guid":{"rendered":"https:\/\/jeanfrancoislegerphoto.com\/fr\/exhibitions\/"},"modified":"2026-04-07T00:03:39","modified_gmt":"2026-04-06T22:03:39","slug":"exhibitions","status":"publish","type":"page","link":"https:\/\/jeanfrancoislegerphoto.com\/fr\/exhibitions\/","title":{"rendered":"Expositions"},"content":{"rendered":"\n\n\n\n<h2 style=\"font-family: Spinnaker; color: rgb(221, 221, 221); font-size: 33px !important; font-weight: 600 !important;\">Le Chant des Silences<\/h2>\n<h4>Une odyss\u00e9e visuelle et musicale au coeur de l&rsquo;humain<\/h4>\n<img decoding=\"async\" src=\"https:\/\/jeanfrancoislegerphoto.com\/wp-content\/uploads\/2025\/11\/Expo_demo_03.jpg\"><p>Entrez dans un espace o\u00f9 l\u2019image, la musique et la po\u00e9sie se rencontrent pour explorer les profondeurs de l\u2019exp\u00e9rience humaine. <em>Le Chant des silences<\/em> est bien plus qu\u2019une exposition photographique : c\u2019est une exp\u00e9rience immersive et sensorielle qui invite \u00e0 la contemplation et \u00e0 l\u2019\u00e9coute intime.<\/p>\n<\/br>\n<p>Con\u00e7u par le compositeur et photographe Jean-Fran\u00e7ois L\u00e9ger, ce projet pr\u00e9sente une s\u00e9rie de portraits et de sc\u00e8nes capt\u00e9s au fil des ann\u00e9es. Chaque \u0153uvre photographique est intimement tiss\u00e9e \u00e0 une composition musicale originale, \u00e9crite sp\u00e9cialement pour chaque photographie.<\/p> <\/br><p>Cette mise en relation forme une fusion \u00e0 la fois d\u00e9licate et puissante, saisissant l\u2019indicible \u2014 tout ce qui affleure dans un regard, un geste ou un silence. La musique n\u2019accompagne pas simplement l\u2019image : elle en r\u00e9v\u00e8le le c\u0153ur \u00e9motionnel, transformant l\u2019observation en une immersion \u00e0 la fois auditive et visuelle.<\/p>\n<\/br>\n<h5>La vision de l\u2019artiste : la qu\u00eate de l\u2019indicible<\/span><\/h5><br><p>Le travail de Jean-Fran\u00e7ois L\u00e9ger est guid\u00e9 par une recherche profonde de l\u2019intime et de la force vitale invisible pr\u00e9sente en chacun. \u00c0 travers son objectif, il cherche \u00e0 capter ce qui s\u2019exprime non par les mots, mais par un regard, un geste subtil ou un silence habit\u00e9.<\/p>\n<\/br>\n<p>Sa photographie est une voie d\u2019acc\u00e8s \u00e0 ce monde int\u00e9rieur, visant \u00e0 \u00e9clairer l\u2019humanit\u00e9 dans ses multiples formes : fragile, r\u00e9siliente, forte et po\u00e9tique. L\u2019approche de L\u00e9ger puise profond\u00e9ment dans la dramaturgie de la sc\u00e8ne. Ce choix d\u00e9lib\u00e9r\u00e9 \u00e9l\u00e8ve la photographie au-del\u00e0 du simple t\u00e9moignage visuel, en renfor\u00e7ant son atmosph\u00e8re et en affirmant l\u2019id\u00e9e que chaque image est un personnage \u00e9clair\u00e9 sur sa propre sc\u00e8ne.<\/p>\n\n\n\n\n<h2><span style=\"color: rgb(191, 191, 191); font-family: Roboto; font-size: 14px; font-weight: 400; text-align: start; text-transform: none;\">L&rsquo;exp\u00e9rience<\/span><\/h2>\n\n\n\n<h5><\/h5>\n\n\n\n\n<h5>Images monumentales: le murmure int\u00e9rieur<\/h5>\n<p data-path-to-node=\"5\"><b>Le c\u0153ur de cette exp\u00e9rience immersive r\u00e9side dans une s\u00e9rie de photographies puissantes, des images qui captent l\u2019indicible, l\u2019essence fragile mais r\u00e9siliente de la condition humaine. Ces images sont pr\u00e9sent\u00e9es en format surdimensionn\u00e9, mont\u00e9es directement sur les murs immenses. Ce choix d\u00e9lib\u00e9r\u00e9 cr\u00e9e un dialogue \u00e0 \u00e9chelle surhumaine avec le visiteur, transformant profond\u00e9ment la relation que l\u2019on entretient avec l\u2019image. Par leur agrandissement, les photographies investissent puissamment l\u2019espace disponible, invitant les visiteurs \u00e0 plonger au c\u0153ur de leur univers. Cette \u00e9chelle exceptionnelle accentue la qualit\u00e9 immersive, permettant aux images de respirer et de s\u2019imposer avec la m\u00eame force qu\u2019un \u00e9cran de cin\u00e9ma.<\/b><\/p><p _ngcontent-ng-c814868836=\"\" class=\"source-inline-chip-container ng-star-inserted\"><button _ngcontent-ng-c814868836=\"\" cdkoverlayorigin=\"\" class=\"button ng-star-inserted\" jslog=\"262206;track:generic_click,impression,attention\" data-hveid=\"0\" decode-data-ved=\"1\" data-ved=\"0CAAQvoAQahgKEwjW7dOKjI6RAxUAAAAAHQAAAAAQywE\"><mat-icon _ngcontent-ng-c814868836=\"\" role=\"img\" fonticon=\"link\" class=\"mat-icon notranslate symbol gds-icon-s google-symbols mat-ligature-font mat-icon-no-color ng-star-inserted\" aria-hidden=\"true\" data-mat-icon-type=\"font\" data-mat-icon-name=\"link\"><\/mat-icon><!----><\/button><!----><!----><!----><!----><\/p>\n\n\n\n\n\n<h5>Musique originale<\/h5>\n<p>L\u2019un des traits distinctifs de l&rsquo;exposition <em>Le Chant des Silences<\/em> est la profonde connexion entre l&rsquo;image et la musique, ce qui transforme l\u2019exposition en un v\u00e9ritable dialogue sensoriel. Chaque photographie est associ\u00e9e \u00e0 un paysage sonore, une composition musicale  originale. Cet \u00e9l\u00e9ment sonore est con\u00e7u comme une composition orchestrale narrative, proche du po\u00e8me symphonique, pens\u00e9e pour prolonger l\u2019image en un r\u00e9cit.<\/p>\n\n<p>Cette approche, situ\u00e9e entre le th\u00e9\u00e2tre et le cin\u00e9ma, plonge le visiteur dans une v\u00e9ritable fable musicale et photographique. La musique ne se contente pas d\u2019agir comme un \u00e9cho \u00e9motionnel \u00e0 chaque photo : ses th\u00e8mes r\u00e9currents tissent un fil conducteur qui unifie l\u2019ensemble de l\u2019exposition, reliant les images comme une vaste mosa\u00efque. Dans cette exp\u00e9rience intime, le son et l\u2019image se fondent jusqu\u2019\u00e0 devenir indissociables.<\/p>\n\n\n\n\n\n\n\n\n\n\n\n\n\n<h5>Cartel po\u00e9tiques<\/h5>\n<p>Certaines photographies sont accompagn\u00e9es de courts textes litt\u00e9raires affich\u00e9s \u00e0 proximit\u00e9. Ceux-ci n\u2019ont pas pour objectif de d\u00e9crire l\u2019image, mais plut\u00f4t de l\u2019ouvrir. Ils offrent une r\u00e9sonance, un contrepoint ou une fen\u00eatre d\u2019interpr\u00e9tation. Apr\u00e8s avoir lu le texte, le spectateur est assur\u00e9 de regarder la photographie sous un autre \u00e9clairage. Cet \u00e9l\u00e9ment, aux c\u00f4t\u00e9s des images et du son, contribue \u00e0 une exp\u00e9rience qui se veut une invitation \u00e0 ralentir, s&rsquo;attarder et \u00e9couter.<\/p>\n\n\n\n\n\n<h5>Costumes et accessoires<\/h5>\n<p>Au c\u0153ur de l\u2019espace d\u2019exposition, une installation suppl\u00e9mentaire mettra en valeur les costumes, accessoires et \u00e9l\u00e9ments de d\u00e9cor utilis\u00e9s lors des diff\u00e9rentes s\u00e9ances photo. Ces objets, t\u00e9moins du processus cr\u00e9atif, permettent au public d\u2019approfondir sa compr\u00e9hension et de percevoir les liens entre l\u2019univers visuel et les choix symboliques, esth\u00e9tiques ou sc\u00e9nographiques qui sous-tendent les images. De plus, comme ces objets ont une histoire pr\u00e9alable, un cartel sera pr\u00e9sent\u00e9 pour informer le visiteur de leur origine ou de leur concepteur. Cette installation offre ainsi une couche de lecture suppl\u00e9mentaire.<\/p>\n\n\n\n\n\n\n\n\n\n\n\n\n<p>Lorem Ipsum has been the industry&rsquo;s standard dummy text ever since the 1500s.<\/p>\n\n\n<h2><strong><span lang=\"EN-US\" style=\"font-size:18.0pt;\nline-height:115%;font-family:&quot;Times New Roman&quot;,serif;mso-fareast-font-family:\n&quot;Times New Roman&quot;;mso-font-kerning:0pt;mso-ligatures:none;mso-ansi-language:\nEN-US;mso-fareast-language:FR-CA;mso-bidi-language:AR-SA\">Comment entendre les Silences?&nbsp;<\/span><\/strong><\/h2>\n<h6><\/h6><h6 style=\"mso-margin-top-alt:auto;mso-margin-bottom-alt:auto;\nline-height:normal;mso-outline-level:2\">Voici comment \u00e7a fonctionne<\/h6>\n<p>Pour que l\u2019exp\u00e9rience soit totalement immersive, nous vous invitons \u00e0 apporter vos propres \u00e9couteurs ainsi que votre t\u00e9l\u00e9phone mobile.<\/p>\n<p [object=\"\" namednodemap]=\"\"><div aria-hidden=\"true\" data-edge=\"true\" class=\"pointer-events-none h-px w-px\"><\/div><\/p><article class=\"text-token-text-primary w-full focus:outline-none [--shadow-height:45px] has-data-writing-block:pointer-events-none has-data-writing-block:-mt-(--shadow-height) has-data-writing-block:pt-(--shadow-height) [&amp;:has([data-writing-block])&gt;*]:pointer-events-auto scroll-mt-[calc(var(--header-height)+min(200px,max(70px,20svh)))]\" tabindex=\"-1\" dir=\"auto\" data-turn-id=\"request-WEB:477340e2-bf06-4a1c-9d73-6233db393c01-4\" data-testid=\"conversation-turn-10\" data-scroll-anchor=\"true\" data-turn=\"assistant\"><div class=\"text-base my-auto mx-auto pb-10 [--thread-content-margin:--spacing(4)] thread-sm:[--thread-content-margin:--spacing(6)] thread-lg:[--thread-content-margin:--spacing(16)] px-(--thread-content-margin)\"><div class=\"[--thread-content-max-width:40rem] thread-lg:[--thread-content-max-width:48rem] mx-auto max-w-(--thread-content-max-width) flex-1 group\/turn-messages focus-visible:outline-hidden relative flex w-full min-w-0 flex-col agent-turn\" tabindex=\"-1\"><div class=\"flex max-w-full flex-col grow\"><div data-message-author-role=\"assistant\" data-message-id=\"e062dbf6-b2dd-4c33-b0c6-abceaf80842f\" dir=\"auto\" class=\"min-h-8 text-message relative flex w-full flex-col items-end gap-2 text-start break-words whitespace-normal [.text-message+&amp;]:mt-1\" data-message-model-slug=\"gpt-5-1\"><div class=\"flex w-full flex-col gap-1 empty:hidden first:pt-[1px]\"><div class=\"markdown prose dark:prose-invert w-full break-words dark markdown-new-styling\"><p data-start=\"40\" data-end=\"288\" data-is-last-node=\"\" data-is-only-node=\"\">Appos\u00e9 \u00e0 chaque \u0153uvre photographique, vous trouverez un code QR que vous pourrez balayer. Celui-ci vous donnera un acc\u00e8s instantan\u00e9 \u00e0 la bande sonore originale (musique ou paysage sonore) sp\u00e9cialement compos\u00e9e pour la photo de Jean-Fran\u00e7ois L\u00e9ger.<\/p><\/div><\/div><\/div><\/div><div class=\"z-0 flex min-h-[46px] justify-start\"><\/div><div class=\"mt-3 w-full empty:hidden\"><div class=\"text-center\"><\/div><\/div><\/div><\/div><\/article>\n<h5>Innover et repousser les limites de la photographie traditionnelle, en red\u00e9finissant la mani\u00e8re dont les histoires sont racont\u00e9es visuellement.<\/5>\n\n\n\n\n\n\n\n\n<h2>\u00c9v\u00e9nements \u00e0 venir<\/h2>\n<p>Pour rester \u00e0 l&rsquo;aff\u00fbt des prochaines pr\u00e9sentations du <em>Chant des Silences<\/em><\/p>\n\n\nHall d&rsquo;exposition de Saint-Georges-de-Windsor&nbsp;\nSaint-Georges-de-Windor<span style=\"color: rgb(24, 95, 112);\">, Qu\u00e9bec<\/span>\n1-28 mars 2022\n\n\nEspace Hortense du P&rsquo;tit Bonheur de Saint-Camille&nbsp;\nSaint-Camille, Qu\u00e9bec\n7 sept au 27 oct 2025\n\n\nGalerie Perkins &#8211; ONE FOR ALL exposition collective&nbsp; pr\u00e9sent\u00e9 par Gerardo Labarca\nMelbourne, Qu\u00e9bec\nsept 2025\n\n\nEspace culturel de Val-des-Sources\nVal-des-Sources<span style=\"color: rgb(24, 95, 112);\">, Qu\u00e9bec<\/span>\n<span style=\"background-color: rgb(255, 255, 255);\">26 f\u00e9vrier&nbsp; au&nbsp; 29 avril 2026<\/span>\n\n\nCentre culturel Le Chenail\nHawkesbury, Ontario\nhiver 2026\n\n\n\n\n\n\n\n\n<p>Lorem Ipsum has been the industry&rsquo;s standard dummy text ever since the 1500s.<\/p>\n<p>Lorem Ipsum has been the industry&rsquo;s standard dummy text ever since the 1500s.<\/p>\n\n\n<p>Lorem Ipsum has been the industry&rsquo;s standard dummy text ever since the 1500s.<\/p>\n<p>Lorem Ipsum has been the industry&rsquo;s standard dummy text ever since the 1500s.<\/p>\n<p>Lorem Ipsum has been the industry&rsquo;s standard dummy text ever since the 1500s.<\/p>\n\n\n<p>Lorem Ipsum has been the industry&rsquo;s standard dummy text ever since the 1500s.<\/p>\n\n\n","protected":false},"excerpt":{"rendered":"","protected":false},"author":1,"featured_media":0,"parent":0,"menu_order":0,"comment_status":"closed","ping_status":"closed","template":"","meta":{"pagelayer_contact_templates":[],"_pagelayer_content":"","footnotes":""},"class_list":["post-156","page","type-page","status-publish","hentry"],"_links":{"self":[{"href":"https:\/\/jeanfrancoislegerphoto.com\/fr\/wp-json\/wp\/v2\/pages\/156","targetHints":{"allow":["GET"]}}],"collection":[{"href":"https:\/\/jeanfrancoislegerphoto.com\/fr\/wp-json\/wp\/v2\/pages"}],"about":[{"href":"https:\/\/jeanfrancoislegerphoto.com\/fr\/wp-json\/wp\/v2\/types\/page"}],"author":[{"embeddable":true,"href":"https:\/\/jeanfrancoislegerphoto.com\/fr\/wp-json\/wp\/v2\/users\/1"}],"replies":[{"embeddable":true,"href":"https:\/\/jeanfrancoislegerphoto.com\/fr\/wp-json\/wp\/v2\/comments?post=156"}],"version-history":[{"count":8,"href":"https:\/\/jeanfrancoislegerphoto.com\/fr\/wp-json\/wp\/v2\/pages\/156\/revisions"}],"predecessor-version":[{"id":279,"href":"https:\/\/jeanfrancoislegerphoto.com\/fr\/wp-json\/wp\/v2\/pages\/156\/revisions\/279"}],"wp:attachment":[{"href":"https:\/\/jeanfrancoislegerphoto.com\/fr\/wp-json\/wp\/v2\/media?parent=156"}],"curies":[{"name":"wp","href":"https:\/\/api.w.org\/{rel}","templated":true}]}}