{"id":157,"date":"2025-11-28T04:22:23","date_gmt":"2025-11-28T03:22:23","guid":{"rendered":"https:\/\/jeanfrancoislegerphoto.com\/fr\/home\/"},"modified":"2025-11-29T18:41:12","modified_gmt":"2025-11-29T17:41:12","slug":"home","status":"publish","type":"page","link":"https:\/\/jeanfrancoislegerphoto.com\/fr\/","title":{"rendered":"Home"},"content":{"rendered":"\n\n\n\n\n\n<p>L&rsquo;\u0153uvre de Jean-Fran\u00e7ois L\u00e9ger explore les zones de silence de l&rsquo;\u00e2me humaine, r\u00e9v\u00e9lant l&rsquo;invisible (la fragilit\u00e9, la dignit\u00e9, la solitude et la force) \u00e0 travers une mise en sc\u00e8ne m\u00e9ticuleuse, un \u00e9clairage sculptural et une \u00e9conomie de moyens visuels. Chaque image agit comme un fragment d&rsquo;un th\u00e9\u00e2tre int\u00e9rieur o\u00f9 de puissants symboles tels que la couronne, le peigne et la corde orchestrent un r\u00e9cit po\u00e9tique et universel, tandis que ses personnages, souvent plong\u00e9s dans l&rsquo;ombre, semblent habiter un espace suspendu entre la r\u00e9alit\u00e9 et le r\u00eave, la douleur et la r\u00e9silience.<\/p>\n\n\n\n\n\n\n<h2>&#8211; portfolio &#8211;<\/h2>\n\n\n\n\n\n\n\n<h2>Le Th\u00e9\u00e2tre int\u00e9rieur<\/h2>\n\n\n<p>\u00c0 travers mon travail, je tente de saisir une part d\u2019indicible dans l\u2019humanit\u00e9. Mon travail se r\u00e9clame de r\u00e9v\u00e9ler l\u2019intime, ce que l\u2019on porte et cache en nous, parfois comme un tr\u00e9sor, parfois comme un fardeau, sans jamais le r\u00e9v\u00e9ler. Tant\u00f4t amusant, tendre ou encore tragique, je tente de capter l\u2019aventure humaine dans toute sa noblesse, dans l\u2019innommable et l\u2019\u00e9mouvant. Cette aventure, qui est aussi la mienne, me fascine.<\/p>\n<p>Pendant longtemps, j\u2019ai cru faire de la photographie de portrait. Mais je sais maintenant que ce n\u2019est pas l\u2019\u00e2me que je poursuis. Ce que je cherche d\u00e9passe l\u2019individu. Devant mon objectif, le mod\u00e8le cesse d\u2019\u00eatre seulement lui-m\u00eame : il devient le messager, porteur d\u2019une histoire, la chair d\u2019un sentiment.<\/p>\n<p>\u00c0 travers mes mod\u00e8les et mes sc\u00e9narios, je ne fais au fond que d\u00e9voiler l\u2019\u00e9ventail de mes perceptions, ce qui m\u2019\u00e9meut, me fait rire, me r\u00e9volte ou m\u2019attriste. J\u2019ai fini par faire le constat qu\u2019au fond, la seule personne que je photographie, c\u2019est moi-m\u00eame. \nMoi qui me pose en miroir face \u00e0 vous et vous demande : <em>\u00ab Vous reconnaissez-vous, vous aussi? \u00bb.<\/em><\/p>\n\n\n\n\n\n\n\n\n\n\n\n<h5>Exposition<\/h5>\n\n\n<h2>Le Chant des Silences<\/h2>\n\n\n<h5>Une exp\u00e9rience immersive qui unit images, musique et \u00e9chos de la psych\u00e9 humaine<\/h5>\n\n\n\n\n<p>Lorem Ipsum has been the industry&rsquo;s standard dummy text ever since the 1500s.<\/p>\n\n\n\n\n<p>L\u2019exposition immersive <em>Le Chant des Silences<\/em>, con\u00e7ue par le compositeur et photographe Jean-Fran\u00e7ois L\u00e9ger, offre au public une exp\u00e9rience visuelle et sonore d\u2019une intense intimit\u00e9, invitant \u00e0 la contemplation et \u00e0 la po\u00e9sie.<\/p>\n\n\n<p><em>Le Chant des Silences<\/em> est en tourn\u00e9e qu\u00e9b\u00e9coise. Toutes les dates et villes sont sur le calendrier.<\/p>\n\n\n\n\n\n<p><br><\/p>\n\n\n\n\n\n\n\n<h2>Ce qu&rsquo;ils en disent<\/h2>\n\n\n\n<p><em>\u00ab\u00a0Ce qui particuli\u00e8rement distingue l\u2019approche de Jean-Fran\u00e7ois est son int\u00e9gration innovante de la musique et de l\u2019image. En combinant son expertise en composition musicale avec son art photographique, il cr\u00e9e des exp\u00e9riences r\u00e9ellement immersives qui sollicitent le public sur plusieurs plans sensoriels. Cette synth\u00e8se place son travail \u00e0 l\u2019avant-garde de l\u2019art multim\u00e9dia contemporain et s\u2019accorde parfaitement avec les tendances actuelles des expositions exp\u00e9rientielles et immersives.\u00a0\u00bb<\/em><\/p>\n\n\n<p><em>\u00ab\u00a0Superbe, Jean-Fran\u00e7ois L\u00e9ger! J&rsquo;adore ce travail de tenter, formuler, dire, r\u00eaver et partager\u00a0\u00bb<\/em><\/p>\n\n\n<p><em>\u00ab\u00a0J&rsquo;ai aim\u00e9 vos photos chacun dans vos univers, vous avez su m\u2019\u00e9blouir, me questionner, belles cr\u00e9ativit\u00e9s\u00a0\u00bb<\/em><\/p>\n\n\n<p>\u00ab\u00a0<em>Les po\u00e8mes qui accompagnent les photos de Jean Fran\u00e7ois L\u00e9ger sont magnifiques! Profonds et brefs \u00e0 la fois, ils nous ouvrent sur un monde de l\u2019imaginaire et nous permettent de revisiter des activit\u00e9s connues, d\u2019une toute nouvelle mani\u00e8re. De nouveaux horizons \u00e0 explorer et d\u00e9couvrir\u2026 C\u2019est de toute beaut\u00e9 ! \u00c7a me donne envie de recommencer \u00e0 \u00e9crire de la po\u00e9sie\u2026 Merci !!\u00a0\u00bb<\/em><\/p><em>\n<\/em>\n\n\n\n\n\n\n\n\n<h3>Contact<\/h3>\n\n\n\n\n\n\n{\u00ab\u00a0title\u00a0\u00bb:\u00a0\u00bb\u00a0\u00bb,\u00a0\u00bbform_id\u00a0\u00bb:\u00a0\u00bb174&Prime;}\n\n\n\n\n<p><\/p>\n","protected":false},"excerpt":{"rendered":"","protected":false},"author":1,"featured_media":0,"parent":0,"menu_order":0,"comment_status":"closed","ping_status":"closed","template":"","meta":{"pagelayer_contact_templates":[],"_pagelayer_content":"","footnotes":""},"class_list":["post-157","page","type-page","status-publish","hentry"],"_links":{"self":[{"href":"https:\/\/jeanfrancoislegerphoto.com\/fr\/wp-json\/wp\/v2\/pages\/157","targetHints":{"allow":["GET"]}}],"collection":[{"href":"https:\/\/jeanfrancoislegerphoto.com\/fr\/wp-json\/wp\/v2\/pages"}],"about":[{"href":"https:\/\/jeanfrancoislegerphoto.com\/fr\/wp-json\/wp\/v2\/types\/page"}],"author":[{"embeddable":true,"href":"https:\/\/jeanfrancoislegerphoto.com\/fr\/wp-json\/wp\/v2\/users\/1"}],"replies":[{"embeddable":true,"href":"https:\/\/jeanfrancoislegerphoto.com\/fr\/wp-json\/wp\/v2\/comments?post=157"}],"version-history":[{"count":20,"href":"https:\/\/jeanfrancoislegerphoto.com\/fr\/wp-json\/wp\/v2\/pages\/157\/revisions"}],"predecessor-version":[{"id":275,"href":"https:\/\/jeanfrancoislegerphoto.com\/fr\/wp-json\/wp\/v2\/pages\/157\/revisions\/275"}],"wp:attachment":[{"href":"https:\/\/jeanfrancoislegerphoto.com\/fr\/wp-json\/wp\/v2\/media?parent=157"}],"curies":[{"name":"wp","href":"https:\/\/api.w.org\/{rel}","templated":true}]}}